{"id":1016,"date":"2018-05-10T10:06:24","date_gmt":"2018-05-10T10:06:24","guid":{"rendered":"http:\/\/iver.select-themes.com\/?page_id=1016"},"modified":"2026-01-28T10:19:46","modified_gmt":"2026-01-28T09:19:46","slug":"a-la-decouverte-du-benin","status":"publish","type":"page","link":"https:\/\/nobilaairporthotel.com\/en\/portfolio\/a-la-decouverte-du-benin\/","title":{"rendered":"\u00c0 la d\u00e9couverte du b\u00e9nin"},"content":{"rendered":"<section class=\"wpb-content-wrapper\"><div data-parallax-bg-image=\"https:\/\/nobilaairporthotel.com\/wp-content\/uploads\/2023\/05\/fanick-atchia-tqkzjhnI9i8-unsplash-scaled.jpg\" data-parallax-bg-speed=\"1\" class=\"vc_row wpb_row vc_row-fluid qodef-parallax-row-holder\" ><div class=\"wpb_column vc_column_container vc_col-sm-12\"><div class=\"vc_column-inner\"><div class=\"wpb_wrapper\"><div class=\"qodef-elements-holder   qodef-one-column  qodef-responsive-mode-768\" ><div class=\"qodef-eh-item   qodef-horizontal-alignment-center\"  data-item-class=\"qodef-eh-custom-7898\" data-1024-1366=\"180px 0 199px\" data-768-1024=\"153px 0\" data-680-768=\"101px 0\" data-680=\"51px 0\">\n\t<div class=\"qodef-eh-item-inner\">\n\t\t<div class=\"qodef-eh-item-content qodef-eh-custom-7898\" style=\"padding: 316px 0\">\n\t\t\t\n\t<div class=\"wpb_text_column wpb_content_element\" >\n\t\t<div class=\"wpb_wrapper\">\n\t\t\t<h1><span style=\"color: #ffffff;\">Exploring Benin<\/span><\/h1>\n\n\t\t<\/div>\n\t<\/div>\n\t\t<\/div>\n\t<\/div>\n<\/div><\/div><\/div><\/div><\/div><\/div><div class=\"vc_row wpb_row vc_row-fluid vc_custom_1526981735045\" ><div class=\"wpb_column vc_column_container vc_col-sm-12\"><div class=\"vc_column-inner\"><div class=\"wpb_wrapper\"><div class=\"qodef-portfolio-list-holder qodef-pl-masonry qodef-tiny-space qodef-pl-five-columns qodef-pl-gallery-overlay qodef-masonry-images-fixed   qodef-pl-pag-no-pagination\"  data-type=\"masonry\" data-number-of-columns=\"5\" data-space-between-items=\"tiny\" data-number-of-items=\"19\" data-image-proportions=\"full\" data-enable-fixed-proportions=\"yes\" data-enable-image-shadow=\"no\" data-orderby=\"menu_order\" data-order=\"DESC\" data-item-style=\"gallery-overlay\" data-enable-title=\"yes\" data-title-tag=\"h3\" data-enable-category=\"yes\" data-enable-count-images=\"yes\" data-enable-excerpt=\"no\" data-excerpt-length=\"20\" data-pagination-type=\"no-pagination\" data-filter=\"no\" data-filter-order-by=\"name\" data-enable-article-animation=\"no\" data-portfolio-slider-on=\"no\" data-enable-loop=\"yes\" data-enable-autoplay=\"yes\" data-slider-speed=\"5000\" data-slider-speed-animation=\"600\" data-enable-navigation=\"yes\" data-enable-pagination=\"yes\" data-max-num-pages=\"1\" data-next-page=\"2\">\n\t\t<div class=\"qodef-pl-inner qodef-outer-space clearfix\">\n\t\t<div class=\"qodef-pl-grid-sizer\"><\/div>\n\t\t<div class=\"qodef-pl-grid-gutter\"><\/div>\n\t\t<article class=\"qodef-pl-item qodef-item-space qodef-masonry-size-large-width qodef-portfolio-masonry-layout-default post-1663 portfolio-item type-portfolio-item status-publish has-post-thumbnail hentry portfolio-category-exploring portfolio-tag-sightseeing\">\n\t<div class=\"qodef-pl-item-inner\">\n\t\t<div class=\"qodef-pli-image\">\n\t<img loading=\"lazy\" decoding=\"async\" width=\"1100\" height=\"550\" src=\"https:\/\/nobilaairporthotel.com\/wp-content\/uploads\/2018\/05\/amazone-copie-1100x550.png\" class=\"attachment-iver_select_landscape size-iver_select_landscape wp-post-image\" alt=\"\" \/><\/div>\n<div class=\"qodef-pli-text-holder\">\n\t<div class=\"qodef-pli-text-wrapper\">\n\t\t<div class=\"qodef-pli-text\">\n\t\t\t\t<h3 itemprop=\"name\" class=\"qodef-pli-title entry-title\" >\n\t\tThe statue of the Amazon in Benin\t<\/h3>\n\n            \n                \t\t<div class=\"qodef-pli-category-holder\">\n\t\t\t\t\t\t\t<a itemprop=\"url\" class=\"qodef-pli-category\" href=\"https:\/\/nobilaairporthotel.com\/en\/portfolio-category\/exploring\/\">Exploring<\/a>\n\t\t\t\t\t<\/div>\n\t\n                \n            \n            \t\t\t\n                \n            \n            \n\t\t<\/div>\n\t<\/div>\n<\/div>\n\t\t<a itemprop=\"url\" class=\"qodef-pli-link qodef-block-drag-link\" href=\"https:\/\/nobilaairporthotel.com\/en\/portfolio-item\/amazone-du-benin\/\" target=\"_self\"><\/a>\n\t<\/div>\n<\/article><article class=\"qodef-pl-item qodef-item-space qodef-masonry-size-large-width-height qodef-portfolio-masonry-layout-default post-1636 portfolio-item type-portfolio-item status-publish has-post-thumbnail hentry portfolio-category-exploring\">\n\t<div class=\"qodef-pl-item-inner\">\n\t\t<div class=\"qodef-pli-image\">\n\t<img loading=\"lazy\" decoding=\"async\" width=\"1100\" height=\"852\" src=\"https:\/\/nobilaairporthotel.com\/wp-content\/uploads\/2018\/05\/jdjdd-1100x852.jpeg\" class=\"attachment-iver_select_huge size-iver_select_huge wp-post-image\" alt=\"\" \/><\/div>\n<div class=\"qodef-pli-text-holder\">\n\t<div class=\"qodef-pli-text-wrapper\">\n\t\t<div class=\"qodef-pli-text\">\n\t\t\t\t<h3 itemprop=\"name\" class=\"qodef-pli-title entry-title\" >\n\t\tThe gate of no return\t<\/h3>\n\n            \n                \t\t<div class=\"qodef-pli-category-holder\">\n\t\t\t\t\t\t\t<a itemprop=\"url\" class=\"qodef-pli-category\" href=\"https:\/\/nobilaairporthotel.com\/en\/portfolio-category\/exploring\/\">Exploring<\/a>\n\t\t\t\t\t<\/div>\n\t\n                \n            \n            \t\t\t\n                \n            \n            \n\t\t<\/div>\n\t<\/div>\n<\/div>\n\t\t<a itemprop=\"url\" class=\"qodef-pli-link qodef-block-drag-link\" href=\"https:\/\/nobilaairporthotel.com\/en\/portfolio-item\/porte-du-non-retour\/\" target=\"_self\"><\/a>\n\t<\/div>\n<\/article><article class=\"qodef-pl-item qodef-item-space  qodef-portfolio-masonry-layout-default post-1638 portfolio-item type-portfolio-item status-publish has-post-thumbnail hentry portfolio-category-exploring portfolio-tag-cuisine portfolio-tag-living-room\">\n\t<div class=\"qodef-pl-item-inner\">\n\t\t<div class=\"qodef-pli-image\">\n\t<img loading=\"lazy\" decoding=\"async\" width=\"1024\" height=\"768\" src=\"https:\/\/nobilaairporthotel.com\/wp-content\/uploads\/2018\/05\/Musee_dHistoire_in_Ouidah_2015.jpg\" class=\"attachment-full size-full wp-post-image\" alt=\"\" srcset=\"https:\/\/nobilaairporthotel.com\/wp-content\/uploads\/2018\/05\/Musee_dHistoire_in_Ouidah_2015.jpg 1024w, https:\/\/nobilaairporthotel.com\/wp-content\/uploads\/2018\/05\/Musee_dHistoire_in_Ouidah_2015-300x225.jpg 300w, https:\/\/nobilaairporthotel.com\/wp-content\/uploads\/2018\/05\/Musee_dHistoire_in_Ouidah_2015-768x576.jpg 768w, https:\/\/nobilaairporthotel.com\/wp-content\/uploads\/2018\/05\/Musee_dHistoire_in_Ouidah_2015-600x450.jpg 600w\" sizes=\"auto, (max-width: 1024px) 100vw, 1024px\" \/><\/div>\n<div class=\"qodef-pli-text-holder\">\n\t<div class=\"qodef-pli-text-wrapper\">\n\t\t<div class=\"qodef-pli-text\">\n\t\t\t\t<h3 itemprop=\"name\" class=\"qodef-pli-title entry-title\" >\n\t\tThe historical museum of Ouidah\t<\/h3>\n\n            \n                \t\t<div class=\"qodef-pli-category-holder\">\n\t\t\t\t\t\t\t<a itemprop=\"url\" class=\"qodef-pli-category\" href=\"https:\/\/nobilaairporthotel.com\/en\/portfolio-category\/exploring\/\">Exploring<\/a>\n\t\t\t\t\t<\/div>\n\t\n                \n            \n            \t\t\t\n                \n            \n            \n\t\t<\/div>\n\t<\/div>\n<\/div>\n\t\t<a itemprop=\"url\" class=\"qodef-pli-link qodef-block-drag-link\" href=\"https:\/\/nobilaairporthotel.com\/en\/portfolio-item\/musee-historique-de-ouidah\/\" target=\"_self\"><\/a>\n\t<\/div>\n<\/article><article class=\"qodef-pl-item qodef-item-space  qodef-portfolio-masonry-layout-default post-1662 portfolio-item type-portfolio-item status-publish has-post-thumbnail hentry portfolio-category-exploring portfolio-tag-branding portfolio-tag-design portfolio-tag-living-room\">\n\t<div class=\"qodef-pl-item-inner\">\n\t\t<div class=\"qodef-pli-image\">\n\t<img loading=\"lazy\" decoding=\"async\" width=\"725\" height=\"486\" src=\"https:\/\/nobilaairporthotel.com\/wp-content\/uploads\/2018\/05\/Musee-dabomey.jpg\" class=\"attachment-full size-full wp-post-image\" alt=\"\" srcset=\"https:\/\/nobilaairporthotel.com\/wp-content\/uploads\/2018\/05\/Musee-dabomey.jpg 725w, https:\/\/nobilaairporthotel.com\/wp-content\/uploads\/2018\/05\/Musee-dabomey-300x201.jpg 300w, https:\/\/nobilaairporthotel.com\/wp-content\/uploads\/2018\/05\/Musee-dabomey-600x402.jpg 600w\" sizes=\"auto, (max-width: 725px) 100vw, 725px\" \/><\/div>\n<div class=\"qodef-pli-text-holder\">\n\t<div class=\"qodef-pli-text-wrapper\">\n\t\t<div class=\"qodef-pli-text\">\n\t\t\t\t<h3 itemprop=\"name\" class=\"qodef-pli-title entry-title\" >\n\t\tThe historical museum of Abomey\t<\/h3>\n\n            \n                \t\t<div class=\"qodef-pli-category-holder\">\n\t\t\t\t\t\t\t<a itemprop=\"url\" class=\"qodef-pli-category\" href=\"https:\/\/nobilaairporthotel.com\/en\/portfolio-category\/exploring\/\">Exploring<\/a>\n\t\t\t\t\t<\/div>\n\t\n                \n            \n            \t\t\t\n                \n            \n            \n\t\t<\/div>\n\t<\/div>\n<\/div>\n\t\t<a itemprop=\"url\" class=\"qodef-pli-link qodef-block-drag-link\" href=\"https:\/\/nobilaairporthotel.com\/en\/portfolio-item\/musee-historique-abomey\/\" target=\"_self\"><\/a>\n\t<\/div>\n<\/article><article class=\"qodef-pl-item qodef-item-space  qodef-portfolio-masonry-layout-default post-1641 portfolio-item type-portfolio-item status-publish has-post-thumbnail hentry portfolio-category-exploring portfolio-tag-sightseeing\">\n\t<div class=\"qodef-pl-item-inner\">\n\t\t<div class=\"qodef-pli-image\">\n\t<img loading=\"lazy\" decoding=\"async\" width=\"2560\" height=\"1705\" src=\"https:\/\/nobilaairporthotel.com\/wp-content\/uploads\/2018\/05\/000_94B7WC-scaled.jpg.webp\" class=\"attachment-full size-full wp-post-image\" alt=\"\" srcset=\"https:\/\/nobilaairporthotel.com\/wp-content\/uploads\/2018\/05\/000_94B7WC-scaled.jpg.webp 2560w, https:\/\/nobilaairporthotel.com\/wp-content\/uploads\/2018\/05\/000_94B7WC-scaled.jpg-300x200.webp 300w, https:\/\/nobilaairporthotel.com\/wp-content\/uploads\/2018\/05\/000_94B7WC-scaled.jpg-1024x682.webp 1024w, https:\/\/nobilaairporthotel.com\/wp-content\/uploads\/2018\/05\/000_94B7WC-scaled.jpg-768x512.webp 768w, https:\/\/nobilaairporthotel.com\/wp-content\/uploads\/2018\/05\/000_94B7WC-scaled.jpg-1536x1023.webp 1536w, https:\/\/nobilaairporthotel.com\/wp-content\/uploads\/2018\/05\/000_94B7WC-scaled.jpg-600x400.webp 600w\" sizes=\"auto, (max-width: 2560px) 100vw, 2560px\" \/><\/div>\n<div class=\"qodef-pli-text-holder\">\n\t<div class=\"qodef-pli-text-wrapper\">\n\t\t<div class=\"qodef-pli-text\">\n\t\t\t\t<h3 itemprop=\"name\" class=\"qodef-pli-title entry-title\" >\n\t\tThe lake city of Ganvi\u00e9\t<\/h3>\n\n            \n                \t\t<div class=\"qodef-pli-category-holder\">\n\t\t\t\t\t\t\t<a itemprop=\"url\" class=\"qodef-pli-category\" href=\"https:\/\/nobilaairporthotel.com\/en\/portfolio-category\/exploring\/\">Exploring<\/a>\n\t\t\t\t\t<\/div>\n\t\n                \n            \n            \t\t\t\n                \n            \n            \n\t\t<\/div>\n\t<\/div>\n<\/div>\n\t\t<a itemprop=\"url\" class=\"qodef-pli-link qodef-block-drag-link\" href=\"https:\/\/nobilaairporthotel.com\/en\/portfolio-item\/nightlife-3\/\" target=\"_self\"><\/a>\n\t<\/div>\n<\/article><article class=\"qodef-pl-item qodef-item-space  qodef-portfolio-masonry-layout-default post-2818 portfolio-item type-portfolio-item status-publish has-post-thumbnail hentry portfolio-category-destination portfolio-category-hotel portfolio-category-travel portfolio-tag-sightseeing\">\n\t<div class=\"qodef-pl-item-inner\">\n\t\t<div class=\"qodef-pli-image\">\n\t<img loading=\"lazy\" decoding=\"async\" width=\"2560\" height=\"1707\" src=\"https:\/\/nobilaairporthotel.com\/wp-content\/uploads\/2018\/05\/Vie-nocturne-CtN-scaled.jpg\" class=\"attachment-full size-full wp-post-image\" alt=\"Vie nocturne\" srcset=\"https:\/\/nobilaairporthotel.com\/wp-content\/uploads\/2018\/05\/Vie-nocturne-CtN-scaled.jpg 2560w, https:\/\/nobilaairporthotel.com\/wp-content\/uploads\/2018\/05\/Vie-nocturne-CtN-300x200.jpg 300w, https:\/\/nobilaairporthotel.com\/wp-content\/uploads\/2018\/05\/Vie-nocturne-CtN-1024x683.jpg 1024w, https:\/\/nobilaairporthotel.com\/wp-content\/uploads\/2018\/05\/Vie-nocturne-CtN-768x512.jpg 768w, https:\/\/nobilaairporthotel.com\/wp-content\/uploads\/2018\/05\/Vie-nocturne-CtN-1536x1024.jpg 1536w\" sizes=\"auto, (max-width: 2560px) 100vw, 2560px\" \/><\/div>\n<div class=\"qodef-pli-text-holder\">\n\t<div class=\"qodef-pli-text-wrapper\">\n\t\t<div class=\"qodef-pli-text\">\n\t\t\t\t<h3 itemprop=\"name\" class=\"qodef-pli-title entry-title\" >\n\t\tNight life\t<\/h3>\n\n            \n                \t\t<div class=\"qodef-pli-category-holder\">\n\t\t\t\t\t\t\t<a itemprop=\"url\" class=\"qodef-pli-category\" href=\"https:\/\/nobilaairporthotel.com\/en\/portfolio-category\/destination\/\">Destination<\/a>\n\t\t\t\t\t\t\t<a itemprop=\"url\" class=\"qodef-pli-category\" href=\"https:\/\/nobilaairporthotel.com\/en\/portfolio-category\/hotel\/\">Hotel<\/a>\n\t\t\t\t\t\t\t<a itemprop=\"url\" class=\"qodef-pli-category\" href=\"https:\/\/nobilaairporthotel.com\/en\/portfolio-category\/travel\/\">Travel<\/a>\n\t\t\t\t\t<\/div>\n\t\n                \n            \n            \t\t\t\n                \n            \n            \n\t\t<\/div>\n\t<\/div>\n<\/div>\n\t\t<a itemprop=\"url\" class=\"qodef-pli-link qodef-block-drag-link\" href=\"https:\/\/nobilaairporthotel.com\/en\/portfolio-item\/nightlife\/\" target=\"_self\"><\/a>\n\t<\/div>\n<\/article><article class=\"qodef-pl-item qodef-item-space qodef-masonry-size-large-width qodef-portfolio-masonry-layout-default post-3820 portfolio-item type-portfolio-item status-publish has-post-thumbnail hentry portfolio-category-exploring portfolio-tag-sightseeing\">\n\t<div class=\"qodef-pl-item-inner\">\n\t\t<div class=\"qodef-pli-image\">\n\t<img loading=\"lazy\" decoding=\"async\" width=\"1100\" height=\"550\" src=\"https:\/\/nobilaairporthotel.com\/wp-content\/uploads\/2023\/05\/stev-avos-uld8dW3INwE-unsplash-1100x550.jpg\" class=\"attachment-iver_select_landscape size-iver_select_landscape wp-post-image\" alt=\"\" \/><\/div>\n<div class=\"qodef-pli-text-holder\">\n\t<div class=\"qodef-pli-text-wrapper\">\n\t\t<div class=\"qodef-pli-text\">\n\t\t\t\t<h3 itemprop=\"name\" class=\"qodef-pli-title entry-title\" >\n\t\tTo discover only in benin\t<\/h3>\n\n            \n                \t\t<div class=\"qodef-pli-category-holder\">\n\t\t\t\t\t\t\t<a itemprop=\"url\" class=\"qodef-pli-category\" href=\"https:\/\/nobilaairporthotel.com\/en\/portfolio-category\/exploring\/\">Exploring<\/a>\n\t\t\t\t\t<\/div>\n\t\n                \n            \n            \t\t\t\n                \n            \n            \n\t\t<\/div>\n\t<\/div>\n<\/div>\n\t\t<a itemprop=\"url\" class=\"qodef-pli-link qodef-block-drag-link\" href=\"https:\/\/nobilaairporthotel.com\/en\/portfolio-item\/a-decouvrir-uniquement-au-benin\/\" target=\"_self\"><\/a>\n\t<\/div>\n<\/article>\t<\/div>\n\t\n\t<\/div><\/div><\/div><\/div><\/div>\n<\/section>","protected":false},"excerpt":{"rendered":"LE B\u00c9NIN, PERLE DE L\u2019AFRIQUE DE L\u2019OUEST : D\u00c9COUVERTES EXCLUSIVES Le B\u00e9nin, situ\u00e9 en Afrique de l\u2019Ouest, est un pays riche en histoire, culture et paysages naturels \u00e0 couper le souffle. Ce petit pays regorge de tr\u00e9sors cach\u00e9s qui ne demandent qu\u2019\u00e0 \u00eatre explor\u00e9s. Que [...]","protected":false},"author":1,"featured_media":0,"parent":1033,"menu_order":0,"comment_status":"closed","ping_status":"closed","template":"full-width.php","meta":{"footnotes":""},"class_list":["post-1016","page","type-page","status-publish","hentry"],"_links":{"self":[{"href":"https:\/\/nobilaairporthotel.com\/en\/wp-json\/wp\/v2\/pages\/1016","targetHints":{"allow":["GET"]}}],"collection":[{"href":"https:\/\/nobilaairporthotel.com\/en\/wp-json\/wp\/v2\/pages"}],"about":[{"href":"https:\/\/nobilaairporthotel.com\/en\/wp-json\/wp\/v2\/types\/page"}],"author":[{"embeddable":true,"href":"https:\/\/nobilaairporthotel.com\/en\/wp-json\/wp\/v2\/users\/1"}],"replies":[{"embeddable":true,"href":"https:\/\/nobilaairporthotel.com\/en\/wp-json\/wp\/v2\/comments?post=1016"}],"version-history":[{"count":6,"href":"https:\/\/nobilaairporthotel.com\/en\/wp-json\/wp\/v2\/pages\/1016\/revisions"}],"predecessor-version":[{"id":3910,"href":"https:\/\/nobilaairporthotel.com\/en\/wp-json\/wp\/v2\/pages\/1016\/revisions\/3910"}],"up":[{"embeddable":true,"href":"https:\/\/nobilaairporthotel.com\/en\/wp-json\/wp\/v2\/pages\/1033"}],"wp:attachment":[{"href":"https:\/\/nobilaairporthotel.com\/en\/wp-json\/wp\/v2\/media?parent=1016"}],"curies":[{"name":"wp","href":"https:\/\/api.w.org\/{rel}","templated":true}]}}