{"id":1132,"date":"2018-05-11T08:40:32","date_gmt":"2018-05-11T08:40:32","guid":{"rendered":"http:\/\/iver.select-themes.com\/?page_id=1132"},"modified":"2018-05-11T08:40:32","modified_gmt":"2018-05-11T08:40:32","slug":"standard-five-columns-wide","status":"publish","type":"page","link":"https:\/\/nobilaairporthotel.com\/en\/portfolio\/standard-five-columns-wide\/","title":{"rendered":"Standard Five Columns Wide"},"content":{"rendered":"<section class=\"wpb-content-wrapper\"><div data-parallax-bg-image=\"https:\/\/nobilaairporthotel.com\/wp-content\/uploads\/2018\/05\/portfolio-title-image.jpg\" data-parallax-bg-speed=\"1\" class=\"vc_row wpb_row vc_row-fluid qodef-parallax-row-holder\" ><div class=\"wpb_column vc_column_container vc_col-sm-12\"><div class=\"vc_column-inner\"><div class=\"wpb_wrapper\"><div class=\"qodef-elements-holder   qodef-one-column  qodef-responsive-mode-768\" ><div class=\"qodef-eh-item   qodef-horizontal-alignment-center\"  data-item-class=\"qodef-eh-custom-2253\" data-1024-1366=\"180px 0 199px\" data-768-1024=\"153px 0\" data-680-768=\"101px 0\" data-680=\"51px 0\">\n\t<div class=\"qodef-eh-item-inner\">\n\t\t<div class=\"qodef-eh-item-content qodef-eh-custom-2253\" style=\"padding: 316px 0\">\n\t\t\t\n\t<div class=\"wpb_text_column wpb_content_element\" >\n\t\t<div class=\"wpb_wrapper\">\n\t\t\t<h1><span style=\"color: #ffffff;\">standard five columns wide<\/span><\/h1>\n\n\t\t<\/div>\n\t<\/div>\n\t\t<\/div>\n\t<\/div>\n<\/div><\/div><\/div><\/div><\/div><\/div><div class=\"vc_row wpb_row vc_row-fluid vc_custom_1526979730911\" ><div class=\"wpb_column vc_column_container vc_col-sm-12\"><div class=\"vc_column-inner\"><div class=\"wpb_wrapper\"><div class=\"qodef-portfolio-list-holder qodef-pl-gallery qodef-normal-space qodef-pl-five-columns qodef-pl-standard-shader    qodef-pl-pag-no-pagination\"  data-type=\"gallery\" data-number-of-columns=\"5\" data-space-between-items=\"normal\" data-number-of-items=\"10\" data-image-proportions=\"full\" data-enable-fixed-proportions=\"no\" data-enable-image-shadow=\"no\" data-category=\"travel\" data-orderby=\"date\" data-order=\"ASC\" data-item-style=\"standard-shader\" data-enable-title=\"yes\" data-title-tag=\"h3\" data-enable-category=\"no\" data-enable-count-images=\"no\" data-enable-excerpt=\"yes\" data-excerpt-length=\"98\" data-pagination-type=\"no-pagination\" data-filter=\"no\" data-filter-order-by=\"name\" data-enable-article-animation=\"no\" data-portfolio-slider-on=\"no\" data-enable-loop=\"yes\" data-enable-autoplay=\"yes\" data-slider-speed=\"5000\" data-slider-speed-animation=\"600\" data-enable-navigation=\"yes\" data-enable-pagination=\"yes\" data-max-num-pages=\"1\" data-next-page=\"2\">\n\t\t<div class=\"qodef-pl-inner qodef-outer-space  clearfix\">\n\t\t<article class=\"qodef-pl-item qodef-item-space  post-2818 portfolio-item type-portfolio-item status-publish has-post-thumbnail hentry portfolio-category-destination portfolio-category-hotel portfolio-category-travel portfolio-tag-sightseeing\">\n\t<div class=\"qodef-pl-item-inner\">\n\t\t<div class=\"qodef-pli-image\">\n\t<img loading=\"lazy\" decoding=\"async\" width=\"2560\" height=\"1707\" src=\"https:\/\/nobilaairporthotel.com\/wp-content\/uploads\/2018\/05\/Vie-nocturne-CtN-scaled.jpg\" class=\"attachment-full size-full wp-post-image\" alt=\"Vie nocturne\" srcset=\"https:\/\/nobilaairporthotel.com\/wp-content\/uploads\/2018\/05\/Vie-nocturne-CtN-scaled.jpg 2560w, https:\/\/nobilaairporthotel.com\/wp-content\/uploads\/2018\/05\/Vie-nocturne-CtN-300x200.jpg 300w, https:\/\/nobilaairporthotel.com\/wp-content\/uploads\/2018\/05\/Vie-nocturne-CtN-1024x683.jpg 1024w, https:\/\/nobilaairporthotel.com\/wp-content\/uploads\/2018\/05\/Vie-nocturne-CtN-768x512.jpg 768w, https:\/\/nobilaairporthotel.com\/wp-content\/uploads\/2018\/05\/Vie-nocturne-CtN-1536x1024.jpg 1536w\" sizes=\"auto, (max-width: 2560px) 100vw, 2560px\" \/><\/div>\n<div class=\"qodef-pli-text-holder\" >\n\t<div class=\"qodef-pli-text-wrapper\">\n\t\t<div class=\"qodef-pli-text\">\n\t\t\t\t<h3 itemprop=\"name\" class=\"qodef-pli-title entry-title\" >\n\t\tNight life\t<\/h3>\n\n\t\t\t\n\t\t\t\n\t\t\t\t<p itemprop=\"description\" class=\"qodef-pli-excerpt\">Lorem ipsum dolor sit amet, consectetur adipiscing elit. Sed nec hendrerit erat, in rutrum libero.<\/p>\n\t\t<\/div>\n\t<\/div>\n<\/div>\n\t\t<a itemprop=\"url\" class=\"qodef-pli-link qodef-block-drag-link\" href=\"https:\/\/nobilaairporthotel.com\/en\/portfolio-item\/nightlife\/\" target=\"_self\"><\/a>\n\t<\/div>\n<\/article>\t<\/div>\n\t\n\t<\/div><\/div><\/div><\/div><\/div>\n<\/section>","protected":false},"excerpt":{"rendered":"La vie nocturne \u00e0 Cotonou, B\u00e9nin : une exp\u00e9rience envo\u00fbtante \u00e0 d\u00e9couvrir Cotonou, la plus grande ville du B\u00e9nin, est r\u00e9put\u00e9e pour sa vie nocturne anim\u00e9e et vibrante. Des bars branch\u00e9s aux discoth\u00e8ques en passant par les restaurants traditionnels, la nuit \u00e0 Cotonou offre une [...]","protected":false},"author":1,"featured_media":0,"parent":1033,"menu_order":0,"comment_status":"closed","ping_status":"closed","template":"full-width.php","meta":{"footnotes":""},"class_list":["post-1132","page","type-page","status-publish","hentry"],"_links":{"self":[{"href":"https:\/\/nobilaairporthotel.com\/en\/wp-json\/wp\/v2\/pages\/1132","targetHints":{"allow":["GET"]}}],"collection":[{"href":"https:\/\/nobilaairporthotel.com\/en\/wp-json\/wp\/v2\/pages"}],"about":[{"href":"https:\/\/nobilaairporthotel.com\/en\/wp-json\/wp\/v2\/types\/page"}],"author":[{"embeddable":true,"href":"https:\/\/nobilaairporthotel.com\/en\/wp-json\/wp\/v2\/users\/1"}],"replies":[{"embeddable":true,"href":"https:\/\/nobilaairporthotel.com\/en\/wp-json\/wp\/v2\/comments?post=1132"}],"version-history":[{"count":0,"href":"https:\/\/nobilaairporthotel.com\/en\/wp-json\/wp\/v2\/pages\/1132\/revisions"}],"up":[{"embeddable":true,"href":"https:\/\/nobilaairporthotel.com\/en\/wp-json\/wp\/v2\/pages\/1033"}],"wp:attachment":[{"href":"https:\/\/nobilaairporthotel.com\/en\/wp-json\/wp\/v2\/media?parent=1132"}],"curies":[{"name":"wp","href":"https:\/\/api.w.org\/{rel}","templated":true}]}}