{"id":1746,"date":"2018-05-16T08:40:59","date_gmt":"2018-05-16T08:40:59","guid":{"rendered":"http:\/\/iver.select-themes.com\/?page_id=1746"},"modified":"2023-05-09T09:13:40","modified_gmt":"2023-05-09T09:13:40","slug":"room-list","status":"publish","type":"page","link":"https:\/\/nobilaairporthotel.com\/en\/room-list\/","title":{"rendered":"Room List"},"content":{"rendered":"<section class=\"wpb-content-wrapper\"><div class=\"qodef-row-grid-section-wrapper\"  ><div class=\"qodef-row-grid-section\"><div class=\"vc_row wpb_row vc_row-fluid\" ><div class=\"wpb_column vc_column_container vc_col-sm-12\"><div class=\"vc_column-inner vc_custom_1526460642669\"><div class=\"wpb_wrapper\"><div class=\"qodef-hrl-holder qodef-hrl-standard  qodef-hrl-boxed-layout   qodef-tiny-space  qodef-hrl-location-set  qodef-hrl-two-columns qodef-hrl-pag-no-pagination\"  data-type=\"standard\" data-boxed-layout=\"yes\" data-number-of-columns=\"2\" data-space-between-items=\"tiny\" data-number-of-items=\"6\" data-image-proportions=\"full\" data-room-location=\"98\" data-room-amenities=\"52\" data-order-by=\"date\" data-order=\"ASC\" data-title-tag=\"h3\" data-enable-excerpt=\"no\" data-excerpt-length=\"150\" data-enable-price-period=\"no\" data-price-period-text=\"Night\" data-pagination-type=\"no-pagination\" data-enable-filter=\"no\" data-enable-sort=\"no\" data-hotel-room-slider-on=\"no\" data-enable-loop=\"no\" data-enable-autoplay=\"yes\" data-slider-speed=\"5000\" data-slider-speed-animation=\"600\" data-enable-navigation=\"yes\" data-enable-pagination=\"yes\" data-max-num-pages=\"1\" data-next-page=\"2\">\n\t\n            <div class=\"qodef-hrl-items-part-holder\">\n            <div class=\"qodef-grid-row qodef-grid-small-gutter\">\n                <div class=\"qodef-hrl-items-part qodef-grid-col-12\">\n                        <div class=\"qodef-hrl-inner qodef-outer-space  clearfix\">\n                            <article class=\"qodef-hrl-item qodef-item-space  post-586 hotel-room type-hotel-room status-publish has-post-thumbnail hentry amenity-tag-air-conditioner amenity-tag-safe-deposit-box amenity-tag-minibar amenity-tag-parking amenity-tag-hair-dryer amenity-tag-lcd-television location-tag-coobj\">\n        <div class=\"qodef-hrl-item-inner\">\n\t\t\t<div class=\"qodef-hrl-item-image\">\n\t<img loading=\"lazy\" decoding=\"async\" width=\"929\" height=\"605\" src=\"https:\/\/nobilaairporthotel.com\/wp-content\/uploads\/2018\/04\/single-2.png\" class=\"attachment-full size-full wp-post-image\" alt=\"\" srcset=\"https:\/\/nobilaairporthotel.com\/wp-content\/uploads\/2018\/04\/single-2.png 929w, https:\/\/nobilaairporthotel.com\/wp-content\/uploads\/2018\/04\/single-2-300x195.png 300w, https:\/\/nobilaairporthotel.com\/wp-content\/uploads\/2018\/04\/single-2-768x500.png 768w, https:\/\/nobilaairporthotel.com\/wp-content\/uploads\/2018\/04\/single-2-18x12.png 18w, https:\/\/nobilaairporthotel.com\/wp-content\/uploads\/2018\/04\/single-2-600x391.png 600w\" sizes=\"auto, (max-width: 929px) 100vw, 929px\" \/>    <a itemprop=\"url\" class=\"qodef-hrl-link qodef-block-drag-link\" href=\"https:\/\/nobilaairporthotel.com\/en\/hotel-room\/simple-room\/\"><\/a>\n\t<\/div><div class=\"qodef-hrl-item-content\">\n\t<h3 itemprop=\"name\" class=\"qodef-hrl-item-title entry-title\" >\n<a itemprop=\"url\" href=\"https:\/\/nobilaairporthotel.com\/en\/hotel-room\/simple-room\/\" target=\"_self\">\n\tStandard Luxe : Single<\/a>\n<\/h3>\t    <span class=\"qodef-hrl-price\">\n    <span class=\"qodef-hrl-price-currency\">&euro;<\/span><span>131<\/span>\n    <\/span>\n\t<\/div>        <\/div>\n    <\/article>\n    <article class=\"qodef-hrl-item qodef-item-space  post-751 hotel-room type-hotel-room status-publish has-post-thumbnail hentry amenity-tag-air-conditioner amenity-tag-safe-deposit-box amenity-tag-minibar amenity-tag-parking amenity-tag-hair-dryer amenity-tag-lcd-television location-tag-coobj\">\n        <div class=\"qodef-hrl-item-inner\">\n\t\t\t<div class=\"qodef-hrl-item-image\">\n\t<img loading=\"lazy\" decoding=\"async\" width=\"929\" height=\"605\" src=\"https:\/\/nobilaairporthotel.com\/wp-content\/uploads\/2023\/02\/suite-3.png\" class=\"attachment-full size-full wp-post-image\" alt=\"\" srcset=\"https:\/\/nobilaairporthotel.com\/wp-content\/uploads\/2023\/02\/suite-3.png 929w, https:\/\/nobilaairporthotel.com\/wp-content\/uploads\/2023\/02\/suite-3-300x195.png 300w, https:\/\/nobilaairporthotel.com\/wp-content\/uploads\/2023\/02\/suite-3-768x500.png 768w, https:\/\/nobilaairporthotel.com\/wp-content\/uploads\/2023\/02\/suite-3-18x12.png 18w, https:\/\/nobilaairporthotel.com\/wp-content\/uploads\/2023\/02\/suite-3-600x391.png 600w\" sizes=\"auto, (max-width: 929px) 100vw, 929px\" \/>    <a itemprop=\"url\" class=\"qodef-hrl-link qodef-block-drag-link\" href=\"https:\/\/nobilaairporthotel.com\/en\/hotel-room\/vip\/\"><\/a>\n\t<\/div><div class=\"qodef-hrl-item-content\">\n\t<h3 itemprop=\"name\" class=\"qodef-hrl-item-title entry-title\" >\n<a itemprop=\"url\" href=\"https:\/\/nobilaairporthotel.com\/en\/hotel-room\/vip\/\" target=\"_self\">\n\tSuper VIP<\/a>\n<\/h3>\t    <span class=\"qodef-hrl-price\">\n    <span class=\"qodef-hrl-price-currency\">&euro;<\/span><span>166<\/span>\n    <\/span>\n\t<\/div>        <\/div>\n    <\/article>\n    <article class=\"qodef-hrl-item qodef-item-space  post-585 hotel-room type-hotel-room status-publish has-post-thumbnail hentry amenity-tag-air-conditioner amenity-tag-safe-deposit-box amenity-tag-minibar amenity-tag-parking amenity-tag-hair-dryer amenity-tag-lcd-television location-tag-coobj\">\n        <div class=\"qodef-hrl-item-inner\">\n\t\t\t<div class=\"qodef-hrl-item-image\">\n\t<img loading=\"lazy\" decoding=\"async\" width=\"929\" height=\"605\" src=\"https:\/\/nobilaairporthotel.com\/wp-content\/uploads\/2023\/04\/Standard-doble.png\" class=\"attachment-full size-full wp-post-image\" alt=\"\" srcset=\"https:\/\/nobilaairporthotel.com\/wp-content\/uploads\/2023\/04\/Standard-doble.png 929w, https:\/\/nobilaairporthotel.com\/wp-content\/uploads\/2023\/04\/Standard-doble-300x195.png 300w, https:\/\/nobilaairporthotel.com\/wp-content\/uploads\/2023\/04\/Standard-doble-768x500.png 768w, https:\/\/nobilaairporthotel.com\/wp-content\/uploads\/2023\/04\/Standard-doble-18x12.png 18w, https:\/\/nobilaairporthotel.com\/wp-content\/uploads\/2023\/04\/Standard-doble-600x391.png 600w\" sizes=\"auto, (max-width: 929px) 100vw, 929px\" \/>    <a itemprop=\"url\" class=\"qodef-hrl-link qodef-block-drag-link\" href=\"https:\/\/nobilaairporthotel.com\/en\/hotel-room\/double-bedroom\/\"><\/a>\n\t<\/div><div class=\"qodef-hrl-item-content\">\n\t<h3 itemprop=\"name\" class=\"qodef-hrl-item-title entry-title\" >\n<a itemprop=\"url\" href=\"https:\/\/nobilaairporthotel.com\/en\/hotel-room\/double-bedroom\/\" target=\"_self\">\n\tStandard Luxe : Twin<\/a>\n<\/h3>\t    <span class=\"qodef-hrl-price\">\n    <span class=\"qodef-hrl-price-currency\">&euro;<\/span><span>145<\/span>\n    <\/span>\n\t<\/div>        <\/div>\n    <\/article>\n    <article class=\"qodef-hrl-item qodef-item-space  post-3786 hotel-room type-hotel-room status-publish has-post-thumbnail hentry amenity-tag-air-conditioner amenity-tag-safe-deposit-box amenity-tag-parking amenity-tag-hair-dryer amenity-tag-lcd-television location-tag-coobj\">\n        <div class=\"qodef-hrl-item-inner\">\n\t\t\t<div class=\"qodef-hrl-item-image\">\n\t<img loading=\"lazy\" decoding=\"async\" width=\"929\" height=\"605\" src=\"https:\/\/nobilaairporthotel.com\/wp-content\/uploads\/2023\/05\/suite-1ok.jpg\" class=\"attachment-full size-full wp-post-image\" alt=\"\" srcset=\"https:\/\/nobilaairporthotel.com\/wp-content\/uploads\/2023\/05\/suite-1ok.jpg 929w, https:\/\/nobilaairporthotel.com\/wp-content\/uploads\/2023\/05\/suite-1ok-300x195.jpg 300w, https:\/\/nobilaairporthotel.com\/wp-content\/uploads\/2023\/05\/suite-1ok-768x500.jpg 768w, https:\/\/nobilaairporthotel.com\/wp-content\/uploads\/2023\/05\/suite-1ok-18x12.jpg 18w, https:\/\/nobilaairporthotel.com\/wp-content\/uploads\/2023\/05\/suite-1ok-600x391.jpg 600w\" sizes=\"auto, (max-width: 929px) 100vw, 929px\" \/>    <a itemprop=\"url\" class=\"qodef-hrl-link qodef-block-drag-link\" href=\"https:\/\/nobilaairporthotel.com\/en\/hotel-room\/suite-luxe-2\/\"><\/a>\n\t<\/div><div class=\"qodef-hrl-item-content\">\n\t<h3 itemprop=\"name\" class=\"qodef-hrl-item-title entry-title\" >\n<a itemprop=\"url\" href=\"https:\/\/nobilaairporthotel.com\/en\/hotel-room\/suite-luxe-2\/\" target=\"_self\">\n\tSuite Junior<\/a>\n<\/h3>\t    <span class=\"qodef-hrl-price\">\n    <span class=\"qodef-hrl-price-currency\">&euro;<\/span><span>218<\/span>\n    <\/span>\n\t<\/div>        <\/div>\n    <\/article>\n                    <\/div>\n    \n                <div class=\"qodef-hrl-loading\">\n\t<div class=\"qodef-hrl-loading-bounce1\"><\/div>\n\t<div class=\"qodef-hrl-loading-bounce2\"><\/div>\n\t<div class=\"qodef-hrl-loading-bounce3\"><\/div>\n<\/div>\n                                <\/div>\n                            <\/div>\n        <\/div>\n    <\/div><\/div><\/div><\/div><\/div><\/div><\/div>\n<\/section>","protected":false},"excerpt":{"rendered":"D\u00e9couvrez le luxe ultime dans notre Suite Luxe. Une exp\u00e9rience unique et raffin\u00e9e au c\u0153ur de Cotonou. Que vous soyez en voyage d\u2019affaires ou simplement en qu\u00eate de d\u00e9tente, cette suite spacieuse de 70 m\u00b2 saura combler toutes vos attentes. La Suite Luxe pr\u00e9sente un [...]","protected":false},"author":1,"featured_media":0,"parent":0,"menu_order":0,"comment_status":"closed","ping_status":"closed","template":"full-width.php","meta":{"footnotes":""},"class_list":["post-1746","page","type-page","status-publish","hentry"],"_links":{"self":[{"href":"https:\/\/nobilaairporthotel.com\/en\/wp-json\/wp\/v2\/pages\/1746","targetHints":{"allow":["GET"]}}],"collection":[{"href":"https:\/\/nobilaairporthotel.com\/en\/wp-json\/wp\/v2\/pages"}],"about":[{"href":"https:\/\/nobilaairporthotel.com\/en\/wp-json\/wp\/v2\/types\/page"}],"author":[{"embeddable":true,"href":"https:\/\/nobilaairporthotel.com\/en\/wp-json\/wp\/v2\/users\/1"}],"replies":[{"embeddable":true,"href":"https:\/\/nobilaairporthotel.com\/en\/wp-json\/wp\/v2\/comments?post=1746"}],"version-history":[{"count":9,"href":"https:\/\/nobilaairporthotel.com\/en\/wp-json\/wp\/v2\/pages\/1746\/revisions"}],"predecessor-version":[{"id":3845,"href":"https:\/\/nobilaairporthotel.com\/en\/wp-json\/wp\/v2\/pages\/1746\/revisions\/3845"}],"wp:attachment":[{"href":"https:\/\/nobilaairporthotel.com\/en\/wp-json\/wp\/v2\/media?parent=1746"}],"curies":[{"name":"wp","href":"https:\/\/api.w.org\/{rel}","templated":true}]}}