{"id":349,"date":"2018-04-17T13:48:11","date_gmt":"2018-04-17T13:48:11","guid":{"rendered":"http:\/\/iver.select-themes.com\/?page_id=349"},"modified":"2026-01-23T08:55:28","modified_gmt":"2026-01-23T07:55:28","slug":"about-us","status":"publish","type":"page","link":"https:\/\/nobilaairporthotel.com\/en\/about-us\/","title":{"rendered":"\u00c0 propos"},"content":{"rendered":"<section class=\"wpb-content-wrapper\"><div class=\"qodef-row-grid-section-wrapper\"  style=\"background-color:#ffffff\"><div class=\"qodef-row-grid-section\"><div class=\"vc_row wpb_row vc_row-fluid vc_custom_1523973183190\" ><div class=\"wpb_column vc_column_container vc_col-sm-12 vc_col-lg-6 vc_col-md-12 vc_col-xs-12\"><div class=\"vc_column-inner\"><div class=\"wpb_wrapper\"><div class=\"qodef-elements-holder   qodef-one-column  qodef-responsive-mode-768\" ><div class=\"qodef-eh-item\"  data-item-class=\"qodef-eh-custom-5462\">\n\t<div class=\"qodef-eh-item-inner\">\n\t\t<div class=\"qodef-eh-item-content qodef-eh-custom-5462\" style=\"padding: 0 7% 0 0\">\n\t\t\t<div class=\"qodef-single-image-holder   qodef-image-behavior-zoom\">\n    <div class=\"qodef-si-inner\" >\n                                    <img loading=\"lazy\" decoding=\"async\" width=\"1440\" height=\"1269\" src=\"https:\/\/nobilaairporthotel.com\/wp-content\/uploads\/2023\/05\/306962227_5615168038505523_9054194165575422610_n-e1683615658980.jpg\" class=\"attachment-full size-full\" alt=\"\" srcset=\"https:\/\/nobilaairporthotel.com\/wp-content\/uploads\/2023\/05\/306962227_5615168038505523_9054194165575422610_n-e1683615658980.jpg 1440w, https:\/\/nobilaairporthotel.com\/wp-content\/uploads\/2023\/05\/306962227_5615168038505523_9054194165575422610_n-e1683615658980-300x264.jpg 300w, https:\/\/nobilaairporthotel.com\/wp-content\/uploads\/2023\/05\/306962227_5615168038505523_9054194165575422610_n-e1683615658980-1024x902.jpg 1024w, https:\/\/nobilaairporthotel.com\/wp-content\/uploads\/2023\/05\/306962227_5615168038505523_9054194165575422610_n-e1683615658980-768x677.jpg 768w, https:\/\/nobilaairporthotel.com\/wp-content\/uploads\/2023\/05\/306962227_5615168038505523_9054194165575422610_n-e1683615658980-14x12.jpg 14w, https:\/\/nobilaairporthotel.com\/wp-content\/uploads\/2023\/05\/306962227_5615168038505523_9054194165575422610_n-e1683615658980-600x529.jpg 600w\" sizes=\"auto, (max-width: 1440px) 100vw, 1440px\" \/>                        <\/div>\n<\/div>\t\t<\/div>\n\t<\/div>\n<\/div><\/div><\/div><\/div><\/div><div class=\"wpb_column vc_column_container vc_col-sm-12 vc_col-lg-6 vc_col-md-12 vc_col-xs-12\"><div class=\"vc_column-inner\"><div class=\"wpb_wrapper\"><div class=\"qodef-elements-holder   qodef-one-column  qodef-responsive-mode-768\" ><div class=\"qodef-eh-item\"  data-item-class=\"qodef-eh-custom-5649\" data-1366-1600=\"15% 0 0 6.5%\" data-1024-1366=\"15% 0 0 6.5%\" data-680=\"17% 0 0 0.5%\">\n\t<div class=\"qodef-eh-item-inner\">\n\t\t<div class=\"qodef-eh-item-content qodef-eh-custom-5649\" style=\"padding: 17% 0 0 6.5%\">\n\t\t\t<div class=\"qodef-section-title-holder  qodef-st-standard qodef-st-title-left  qodef-st-normal-space\" >\n\t<div class=\"qodef-st-inner\">\n                    <span class=\"qodef-st-subtitle\" style=\"color: #000000\">\n                International            <\/span>\n        \t\t\t\t\t<h2 class=\"qodef-st-title\" style=\"color: #000000\">\n\t\t\t\tNobila Airport Hotel\t\t\t<\/h2>\n\t\t\t\t\t\t\t<p class=\"qodef-st-text\" style=\"color: #464646\">\n\t\t\t\tHotel Nobila Airport, located near Cotonou International Airport, is an oasis of luxury and comfort for business and leisure travelers. With its modern architecture, top-of-the-range facilities and attentive service, this four-star establishment promises you an unforgettable stay in the economic capital of Benin. Discover all that Hotel Nobila Airport has to offer.\t\t\t<\/p>\n\t\t\t<\/div>\n<\/div>\t\t<\/div>\n\t<\/div>\n<\/div><\/div><div class=\"qodef-elements-holder   qodef-one-column  qodef-responsive-mode-768\" ><\/div><\/div><\/div><\/div><\/div><\/div><\/div><div class=\"qodef-row-grid-section-wrapper\"  style=\"background-color:#f6f6f6\"><div class=\"qodef-row-grid-section\"><div class=\"vc_row wpb_row vc_row-fluid vc_custom_1523975424915\" ><div class=\"wpb_column vc_column_container vc_col-sm-12 vc_col-lg-3 vc_col-md-6 vc_col-xs-12\"><div class=\"vc_column-inner\"><div class=\"wpb_wrapper\"><div class=\"qodef-elements-holder   qodef-one-column  qodef-responsive-mode-768\" ><div class=\"qodef-eh-item   qodef-horizontal-alignment-center\"  data-item-class=\"qodef-eh-custom-9748\" data-768-1024=\"0 0 20px 0\" data-680-768=\"0 0 20px 0\" data-680=\"0 0 20px 0\">\n\t<div class=\"qodef-eh-item-inner\">\n\t\t<div class=\"qodef-eh-item-content qodef-eh-custom-9748\" >\n\t\t\t<div class=\"qodef-counter-holder\">\n\t<div class=\"qodef-counter-inner\">\n\t\t\t\t\t<span class=\"qodef-counter qodef-zero-counter\" >10<\/span>\n\t\t\t\t\t\t\t<h4 class=\"qodef-counter-title\" style=\"color: #464646;font-weight: 400\">\n\t\t\t\tyears of experience\t\t\t<\/h4>\n\t\t\t\t\t<\/div>\n<\/div>\t\t<\/div>\n\t<\/div>\n<\/div><\/div><\/div><\/div><\/div><div class=\"wpb_column vc_column_container vc_col-sm-12 vc_col-lg-3 vc_col-md-6 vc_col-xs-12\"><div class=\"vc_column-inner\"><div class=\"wpb_wrapper\"><div class=\"qodef-elements-holder   qodef-one-column  qodef-responsive-mode-768\" ><div class=\"qodef-eh-item   qodef-horizontal-alignment-center\"  data-item-class=\"qodef-eh-custom-2909\" data-768-1024=\"0 0 20px 0\" data-680-768=\"0 0 20px 0\" data-680=\"0 0 20px 0\">\n\t<div class=\"qodef-eh-item-inner\">\n\t\t<div class=\"qodef-eh-item-content qodef-eh-custom-2909\" >\n\t\t\t<div class=\"qodef-counter-holder\">\n\t<div class=\"qodef-counter-inner\">\n\t\t\t\t\t<span class=\"qodef-counter qodef-zero-counter\" >65<\/span>\n\t\t\t\t\t\t\t<h4 class=\"qodef-counter-title\" style=\"color: #464646;font-weight: 400\">\n\t\t\t\tRooms\t\t\t<\/h4>\n\t\t\t\t\t<\/div>\n<\/div>\t\t<\/div>\n\t<\/div>\n<\/div><\/div><\/div><\/div><\/div><div class=\"wpb_column vc_column_container vc_col-sm-12 vc_col-lg-3 vc_col-md-6 vc_col-xs-12\"><div class=\"vc_column-inner\"><div class=\"wpb_wrapper\"><div class=\"qodef-elements-holder   qodef-one-column  qodef-responsive-mode-768\" ><div class=\"qodef-eh-item   qodef-horizontal-alignment-center\"  data-item-class=\"qodef-eh-custom-3294\" data-680-768=\"0 0 20px 0\" data-680=\"0 0 20px 0\">\n\t<div class=\"qodef-eh-item-inner\">\n\t\t<div class=\"qodef-eh-item-content qodef-eh-custom-3294\" >\n\t\t\t<div class=\"qodef-counter-holder\">\n\t<div class=\"qodef-counter-inner\">\n\t\t\t\t\t<span class=\"qodef-counter qodef-zero-counter\" >+1143<\/span>\n\t\t\t\t\t\t\t<h4 class=\"qodef-counter-title\" style=\"color: #464646;font-weight: 400\">\n\t\t\t\tEvents organized\t\t\t<\/h4>\n\t\t\t\t\t<\/div>\n<\/div>\t\t<\/div>\n\t<\/div>\n<\/div><\/div><\/div><\/div><\/div><div class=\"wpb_column vc_column_container vc_col-sm-12 vc_col-lg-3 vc_col-md-6 vc_col-xs-12\"><div class=\"vc_column-inner\"><div class=\"wpb_wrapper\"><div class=\"qodef-elements-holder   qodef-one-column  qodef-responsive-mode-768\" ><div class=\"qodef-eh-item   qodef-horizontal-alignment-center\"  data-item-class=\"qodef-eh-custom-5425\">\n\t<div class=\"qodef-eh-item-inner\">\n\t\t<div class=\"qodef-eh-item-content qodef-eh-custom-5425\" >\n\t\t\t<div class=\"qodef-counter-holder\">\n\t<div class=\"qodef-counter-inner\">\n\t\t\t\t\t<span class=\"qodef-counter qodef-zero-counter\" >+800<\/span>\n\t\t\t\t\t\t\t<h4 class=\"qodef-counter-title\" style=\"color: #464646;font-weight: 400\">\n\t\t\t\tSatisfied customers\t\t\t<\/h4>\n\t\t\t\t\t<\/div>\n<\/div>\t\t<\/div>\n\t<\/div>\n<\/div><\/div><\/div><\/div><\/div><\/div><\/div><\/div><div class=\"qodef-row-grid-section-wrapper\"  style=\"background-color:#ffffff\"><div class=\"qodef-row-grid-section\"><div class=\"vc_row wpb_row vc_row-fluid vc_custom_1523977150546\" ><div class=\"wpb_column vc_column_container vc_col-sm-12\"><div class=\"vc_column-inner\"><div class=\"wpb_wrapper\"><div class=\"qodef-elements-holder   qodef-one-column  qodef-responsive-mode-768\" ><div class=\"qodef-eh-item\"  data-item-class=\"qodef-eh-custom-3671\" data-1366-1600=\"0 5% 0 0\" data-1024-1366=\"0 5% 0 0\" data-768-1024=\"0 0 0 0\" data-680-768=\"0 0 0 0\" data-680=\"0 5% 0 0\">\n\t<div class=\"qodef-eh-item-inner\">\n\t\t<div class=\"qodef-eh-item-content qodef-eh-custom-3671\" style=\"padding: 0 11% 0 0\">\n\t\t\t<div class=\"qodef-testimonials-holder clearfix qodef-testimonials-standard\">\n    <span class=\"qodef-testimonial-quote\"><\/span>\n    <div class=\"qodef-testimonials qodef-owl-slider\" data-number-of-items=\"1\" data-enable-loop=\"yes\" data-enable-autoplay=\"yes\" data-slider-speed=\"5000\" data-slider-speed-animation=\"600\" data-enable-navigation=\"yes\" data-enable-pagination=\"no\" >\n\n    \n            <div class=\"qodef-testimonial-content\" id=\"qodef-testimonials-95\">\n                <div class=\"qodef-testimonial-text-holder\">\n                                            <p class=\"qodef-testimonial-text\">J&#039;ai particuli\u00e8rement aim\u00e9 le service, la courtoisie est vraiment de mise, f\u00e9licitation au DG qui a r\u00e9uni autour de lui une \u00e9quipe dynamique. Tres beau cadre. A d\u00e9couvrir, le Havana Club !!!<\/p>\n                                                                <h4 class=\"qodef-testimonial-author\">\n                            <span class=\"qodef-testimonials-author-name\">G\u00e9rard EVEGNY<\/span>\n                                                    <\/h4>\n                                    <\/div>\n            <\/div>\n\n    \n            <div class=\"qodef-testimonial-content\" id=\"qodef-testimonials-94\">\n                <div class=\"qodef-testimonial-text-holder\">\n                                            <p class=\"qodef-testimonial-text\">Tr\u00e8s confortable comme h\u00f4tel et tr\u00e8s bien emplac\u00e9.l&#039;accueil et le service sont tr\u00e8s agr\u00e9ables. H\u00f4tel fortement recommand\u00e9<\/p>\n                                                                <h4 class=\"qodef-testimonial-author\">\n                            <span class=\"qodef-testimonials-author-name\">Ulrich Sergio MONGADJI<\/span>\n                                                    <\/h4>\n                                    <\/div>\n            <\/div>\n\n    \n            <div class=\"qodef-testimonial-content\" id=\"qodef-testimonials-84\">\n                <div class=\"qodef-testimonial-text-holder\">\n                                            <p class=\"qodef-testimonial-text\">Je valide l&#039;h\u00f4tel nobila car c&#039;est l&#039;un des chics h\u00f4tel de Cotonou B\u00e9nin R\u00e9publique, l&#039;emplacement irr\u00e9prochable, chapeau au personnel.<\/p>\n                                                                <h4 class=\"qodef-testimonial-author\">\n                            <span class=\"qodef-testimonials-author-name\">Beno\u00eet Sambeni<\/span>\n                                                    <\/h4>\n                                    <\/div>\n            <\/div>\n\n    \n    <\/div>\n<\/div>\t\t<\/div>\n\t<\/div>\n<\/div><\/div><\/div><\/div><\/div><\/div><\/div><\/div>\n<\/section>","protected":false},"excerpt":{"rendered":"","protected":false},"author":1,"featured_media":0,"parent":0,"menu_order":0,"comment_status":"closed","ping_status":"closed","template":"full-width.php","meta":{"footnotes":""},"class_list":["post-349","page","type-page","status-publish","hentry"],"_links":{"self":[{"href":"https:\/\/nobilaairporthotel.com\/en\/wp-json\/wp\/v2\/pages\/349","targetHints":{"allow":["GET"]}}],"collection":[{"href":"https:\/\/nobilaairporthotel.com\/en\/wp-json\/wp\/v2\/pages"}],"about":[{"href":"https:\/\/nobilaairporthotel.com\/en\/wp-json\/wp\/v2\/types\/page"}],"author":[{"embeddable":true,"href":"https:\/\/nobilaairporthotel.com\/en\/wp-json\/wp\/v2\/users\/1"}],"replies":[{"embeddable":true,"href":"https:\/\/nobilaairporthotel.com\/en\/wp-json\/wp\/v2\/comments?post=349"}],"version-history":[{"count":11,"href":"https:\/\/nobilaairporthotel.com\/en\/wp-json\/wp\/v2\/pages\/349\/revisions"}],"predecessor-version":[{"id":3892,"href":"https:\/\/nobilaairporthotel.com\/en\/wp-json\/wp\/v2\/pages\/349\/revisions\/3892"}],"wp:attachment":[{"href":"https:\/\/nobilaairporthotel.com\/en\/wp-json\/wp\/v2\/media?parent=349"}],"curies":[{"name":"wp","href":"https:\/\/api.w.org\/{rel}","templated":true}]}}