{"id":3639,"date":"2023-01-09T15:00:23","date_gmt":"2023-01-09T15:00:23","guid":{"rendered":"https:\/\/testnobila.hidelevel.studio\/?page_id=3639"},"modified":"2023-05-09T10:40:17","modified_gmt":"2023-05-09T10:40:17","slug":"havana-club","status":"publish","type":"page","link":"https:\/\/nobilaairporthotel.com\/en\/havana-club\/","title":{"rendered":"HAVANA CLUB"},"content":{"rendered":"<section class=\"wpb-content-wrapper\"><div class=\"vc_row wpb_row vc_row-fluid\" ><div class=\"wpb_column vc_column_container vc_col-sm-12\"><div class=\"vc_column-inner\"><div class=\"wpb_wrapper\"><div class=\"qodef-section-title-holder  qodef-st-standard qodef-st-title-left  qodef-st-normal-space\" style=\"text-align: center\">\n\t<div class=\"qodef-st-inner\">\n                    <span class=\"qodef-st-subtitle\" >\n                Havana Club            <\/span>\n        \t\t\t\t\t<h2 class=\"qodef-st-title\" >\n\t\t\t\tA haven of luxury for cigar lovers\t\t\t<\/h2>\n\t\t\t\t\t<\/div>\n<\/div><div class=\"vc_empty_space\"   style=\"height: 32px\"><span class=\"vc_empty_space_inner\"><\/span><\/div>\n\t<div  class=\"wpb_single_image wpb_content_element vc_align_left\">\n\t\t\n\t\t<figure class=\"wpb_wrapper vc_figure\">\n\t\t\t<div class=\"vc_single_image-wrapper   vc_box_border_grey\"><img loading=\"lazy\" decoding=\"async\" width=\"2560\" height=\"1399\" src=\"https:\/\/nobilaairporthotel.com\/wp-content\/uploads\/2023\/05\/djabama-1-scaled.jpg\" class=\"vc_single_image-img attachment-full\" alt=\"\" title=\"djabama-1\" srcset=\"https:\/\/nobilaairporthotel.com\/wp-content\/uploads\/2023\/05\/djabama-1-scaled.jpg 2560w, https:\/\/nobilaairporthotel.com\/wp-content\/uploads\/2023\/05\/djabama-1-300x164.jpg 300w, https:\/\/nobilaairporthotel.com\/wp-content\/uploads\/2023\/05\/djabama-1-1024x560.jpg 1024w, https:\/\/nobilaairporthotel.com\/wp-content\/uploads\/2023\/05\/djabama-1-768x420.jpg 768w, https:\/\/nobilaairporthotel.com\/wp-content\/uploads\/2023\/05\/djabama-1-1536x839.jpg 1536w, https:\/\/nobilaairporthotel.com\/wp-content\/uploads\/2023\/05\/djabama-1-18x10.jpg 18w, https:\/\/nobilaairporthotel.com\/wp-content\/uploads\/2023\/05\/djabama-1-600x328.jpg 600w\" sizes=\"auto, (max-width: 2560px) 100vw, 2560px\" \/><\/div>\n\t\t<\/figure>\n\t<\/div>\n<div class=\"vc_empty_space\"   style=\"height: 32px\"><span class=\"vc_empty_space_inner\"><\/span><\/div>\n\t<div class=\"wpb_text_column wpb_content_element\" >\n\t\t<div class=\"wpb_wrapper\">\n\t\t\t<p>Located in the heart of the Nobila hotel, near the airport, in a prestigious district, The Havana Club is an invitation to live an unforgettable experience. This exceptional cigar club offers a warm and soothing atmosphere, ideal for connoisseurs and cigar lovers. Immerse yourself in an elegant universe, where a meticulous selection of cigars and rare spirits awaits you.<\/p>\n\n\t\t<\/div>\n\t<\/div>\n<div class=\"vc_empty_space\"   style=\"height: 32px\"><span class=\"vc_empty_space_inner\"><\/span><\/div><\/div><\/div><\/div><\/div><div class=\"vc_row wpb_row vc_row-fluid\" ><div class=\"wpb_column vc_column_container vc_col-sm-6\"><div class=\"vc_column-inner\"><div class=\"wpb_wrapper\">\n\t<div class=\"wpb_text_column wpb_content_element\" >\n\t\t<div class=\"wpb_wrapper\">\n\t\t\t<h2>A refined and peaceful atmosphere:<\/h2>\n<p>At Havana Club, we have created an intimate and luxurious space for you to enjoy your cigars in peace. Our club is designed to offer a calm and warm atmosphere, with comfortable armchairs, neat decoration and subdued lighting. It is the perfect place to relax after a long day or to celebrate a special occasion with friends.<\/p>\n\n\t\t<\/div>\n\t<\/div>\n<\/div><\/div><\/div><div class=\"wpb_column vc_column_container vc_col-sm-6\"><div class=\"vc_column-inner\"><div class=\"wpb_wrapper\"><div class=\"vc_empty_space\"   style=\"height: 32px\"><span class=\"vc_empty_space_inner\"><\/span><\/div>\n\t<div  class=\"wpb_single_image wpb_content_element vc_align_left\">\n\t\t\n\t\t<figure class=\"wpb_wrapper vc_figure\">\n\t\t\t<div class=\"vc_single_image-wrapper   vc_box_border_grey\"><img loading=\"lazy\" decoding=\"async\" width=\"2560\" height=\"1707\" src=\"https:\/\/nobilaairporthotel.com\/wp-content\/uploads\/2023\/01\/djabama-5-scaled.jpg\" class=\"vc_single_image-img attachment-full\" alt=\"\" title=\"Photos Havana Club\" srcset=\"https:\/\/nobilaairporthotel.com\/wp-content\/uploads\/2023\/01\/djabama-5-scaled.jpg 2560w, https:\/\/nobilaairporthotel.com\/wp-content\/uploads\/2023\/01\/djabama-5-300x200.jpg 300w, https:\/\/nobilaairporthotel.com\/wp-content\/uploads\/2023\/01\/djabama-5-1024x683.jpg 1024w, https:\/\/nobilaairporthotel.com\/wp-content\/uploads\/2023\/01\/djabama-5-768x512.jpg 768w, https:\/\/nobilaairporthotel.com\/wp-content\/uploads\/2023\/01\/djabama-5-1536x1024.jpg 1536w, https:\/\/nobilaairporthotel.com\/wp-content\/uploads\/2023\/01\/djabama-5-600x400.jpg 600w\" sizes=\"auto, (max-width: 2560px) 100vw, 2560px\" \/><\/div>\n\t\t<\/figure>\n\t<\/div>\n<\/div><\/div><\/div><\/div><div class=\"vc_row wpb_row vc_row-fluid\" ><div class=\"wpb_column vc_column_container vc_col-sm-6\"><div class=\"vc_column-inner\"><div class=\"wpb_wrapper\">\n\t<div class=\"wpb_text_column wpb_content_element\" >\n\t\t<div class=\"wpb_wrapper\">\n\t\t\t<h2>An exceptional selection of cigars:<\/h2>\n<p>Our humidor is stocked with an impressive range of premium cigars, sourced from the best plantations in the world. Whether you prefer a Cohiba, a Montecristo or a Romeo y Julieta, you are sure to find the perfect cigar to accompany your moments of relaxation. Our expert staff will be happy to advise you and introduce you to the art of cigar tasting.<\/p>\n\n\t\t<\/div>\n\t<\/div>\n<\/div><\/div><\/div><div class=\"wpb_column vc_column_container vc_col-sm-6\"><div class=\"vc_column-inner\"><div class=\"wpb_wrapper\"><div class=\"vc_empty_space\"   style=\"height: 32px\"><span class=\"vc_empty_space_inner\"><\/span><\/div>\n\t<div  class=\"wpb_single_image wpb_content_element vc_align_left\">\n\t\t\n\t\t<figure class=\"wpb_wrapper vc_figure\">\n\t\t\t<div class=\"vc_single_image-wrapper   vc_box_border_grey\"><img loading=\"lazy\" decoding=\"async\" width=\"1280\" height=\"789\" src=\"https:\/\/nobilaairporthotel.com\/wp-content\/uploads\/2023\/05\/113278292.jpg\" class=\"vc_single_image-img attachment-full\" alt=\"\" title=\"113278292\" srcset=\"https:\/\/nobilaairporthotel.com\/wp-content\/uploads\/2023\/05\/113278292.jpg 1280w, https:\/\/nobilaairporthotel.com\/wp-content\/uploads\/2023\/05\/113278292-300x185.jpg 300w, https:\/\/nobilaairporthotel.com\/wp-content\/uploads\/2023\/05\/113278292-1024x631.jpg 1024w, https:\/\/nobilaairporthotel.com\/wp-content\/uploads\/2023\/05\/113278292-768x473.jpg 768w, https:\/\/nobilaairporthotel.com\/wp-content\/uploads\/2023\/05\/113278292-18x12.jpg 18w, https:\/\/nobilaairporthotel.com\/wp-content\/uploads\/2023\/05\/113278292-600x370.jpg 600w\" sizes=\"auto, (max-width: 1280px) 100vw, 1280px\" \/><\/div>\n\t\t<\/figure>\n\t<\/div>\n<\/div><\/div><\/div><\/div><div class=\"vc_row wpb_row vc_row-fluid\" ><div class=\"wpb_column vc_column_container vc_col-sm-6\"><div class=\"vc_column-inner\"><div class=\"wpb_wrapper\">\n\t<div class=\"wpb_text_column wpb_content_element\" >\n\t\t<div class=\"wpb_wrapper\">\n\t\t\t<h2>Des spiritueux rares pour des accords parfaits :<\/h2>\n<p>Beyond cigars, Havana Club is also renowned for its exclusive selection of rare spirits. From vintage whiskeys to exceptional rums, including the most refined cognacs and armagnacs, our menu invites you to discover new flavors and enjoy unique taste experiences. Let yourself be guided by our sommeliers who will be able to offer you the most harmonious pairings with your cigar.<\/p>\n\n\t\t<\/div>\n\t<\/div>\n<\/div><\/div><\/div><div class=\"wpb_column vc_column_container vc_col-sm-6\"><div class=\"vc_column-inner\"><div class=\"wpb_wrapper\"><div class=\"vc_empty_space\"   style=\"height: 32px\"><span class=\"vc_empty_space_inner\"><\/span><\/div>\n\t<div  class=\"wpb_single_image wpb_content_element vc_align_left\">\n\t\t\n\t\t<figure class=\"wpb_wrapper vc_figure\">\n\t\t\t<div class=\"vc_single_image-wrapper   vc_box_border_grey\"><img loading=\"lazy\" decoding=\"async\" width=\"665\" height=\"724\" src=\"https:\/\/nobilaairporthotel.com\/wp-content\/uploads\/2023\/05\/113278263-e1683609989887.jpg\" class=\"vc_single_image-img attachment-large\" alt=\"\" title=\"113278263\" srcset=\"https:\/\/nobilaairporthotel.com\/wp-content\/uploads\/2023\/05\/113278263-e1683609989887.jpg 665w, https:\/\/nobilaairporthotel.com\/wp-content\/uploads\/2023\/05\/113278263-e1683609989887-276x300.jpg 276w, https:\/\/nobilaairporthotel.com\/wp-content\/uploads\/2023\/05\/113278263-e1683609989887-11x12.jpg 11w, https:\/\/nobilaairporthotel.com\/wp-content\/uploads\/2023\/05\/113278263-e1683609989887-600x653.jpg 600w\" sizes=\"auto, (max-width: 665px) 100vw, 665px\" \/><\/div>\n\t\t<\/figure>\n\t<\/div>\n<\/div><\/div><\/div><\/div><div class=\"vc_row wpb_row vc_row-fluid\" ><div class=\"wpb_column vc_column_container vc_col-sm-12\"><div class=\"vc_column-inner\"><div class=\"wpb_wrapper\">\n\t<div class=\"wpb_text_column wpb_content_element\" >\n\t\t<div class=\"wpb_wrapper\">\n\t\t\t<h2>Attentive and personalized service:<\/h2>\n<p>At Havana Club, our priority is to offer you exceptional service. Our dedicated and passionate team is at your disposal to meet your expectations and ensure a tailor-made experience. Take advantage of our exclusive events, such as private tastings and meetings with producers, to enrich your knowledge and share your passion with other cigar lovers.<\/p>\n<p>&nbsp;<\/p>\n<p>The Havana Club is more than just a cigar club; it is an essential destination for lovers of luxury and refinement. Come and discover our universe where every detail is thought out to offer you a unique and memorable experience. Book your place now at the Havana Club and dive into a world of flavors, relaxation and conviviality<\/p>\n\n\t\t<\/div>\n\t<\/div>\n<div class=\"vc_empty_space\"   style=\"height: 32px\"><span class=\"vc_empty_space_inner\"><\/span><\/div><\/div><\/div><\/div><\/div><div class=\"vc_row wpb_row vc_row-fluid\" ><div class=\"wpb_column vc_column_container vc_col-sm-12\"><div class=\"vc_column-inner\"><div class=\"wpb_wrapper\"><\/div><\/div><\/div><\/div>\n<\/section>","protected":false},"excerpt":{"rendered":"Le Havana Club Un havre de luxe pour les amateurs de cigares Situ\u00e9 au c\u0153ur de l'h\u00f4tel Nobila, pr\u00e8s de l'a\u00e9roport, dans un quartier prestigieux, Le Havana Club est une invitation \u00e0 vivre une exp\u00e9rience inoubliable. Ce club \u00e0 cigares d'exception offre une ambiance \u00e0 [...]","protected":false},"author":1,"featured_media":0,"parent":0,"menu_order":0,"comment_status":"closed","ping_status":"closed","template":"","meta":{"footnotes":""},"class_list":["post-3639","page","type-page","status-publish","hentry"],"_links":{"self":[{"href":"https:\/\/nobilaairporthotel.com\/en\/wp-json\/wp\/v2\/pages\/3639","targetHints":{"allow":["GET"]}}],"collection":[{"href":"https:\/\/nobilaairporthotel.com\/en\/wp-json\/wp\/v2\/pages"}],"about":[{"href":"https:\/\/nobilaairporthotel.com\/en\/wp-json\/wp\/v2\/types\/page"}],"author":[{"embeddable":true,"href":"https:\/\/nobilaairporthotel.com\/en\/wp-json\/wp\/v2\/users\/1"}],"replies":[{"embeddable":true,"href":"https:\/\/nobilaairporthotel.com\/en\/wp-json\/wp\/v2\/comments?post=3639"}],"version-history":[{"count":17,"href":"https:\/\/nobilaairporthotel.com\/en\/wp-json\/wp\/v2\/pages\/3639\/revisions"}],"predecessor-version":[{"id":3847,"href":"https:\/\/nobilaairporthotel.com\/en\/wp-json\/wp\/v2\/pages\/3639\/revisions\/3847"}],"wp:attachment":[{"href":"https:\/\/nobilaairporthotel.com\/en\/wp-json\/wp\/v2\/media?parent=3639"}],"curies":[{"name":"wp","href":"https:\/\/api.w.org\/{rel}","templated":true}]}}