{"id":517,"date":"2018-04-19T12:01:21","date_gmt":"2018-04-19T12:01:21","guid":{"rendered":"http:\/\/iver.select-themes.com\/?page_id=517"},"modified":"2023-01-09T12:15:01","modified_gmt":"2023-01-09T12:15:01","slug":"room-list-gallery","status":"publish","type":"page","link":"https:\/\/nobilaairporthotel.com\/en\/room-list-gallery\/","title":{"rendered":"Room List Gallery"},"content":{"rendered":"<section class=\"wpb-content-wrapper\"><div class=\"vc_row wpb_row vc_row-fluid\" ><div class=\"wpb_column vc_column_container vc_col-sm-12\"><div class=\"vc_column-inner\"><div class=\"wpb_wrapper\"><div class=\"qodef-hrl-holder qodef-hrl-gallery qodef-hrl-sort-light qodef-hrl-boxed-layout   qodef-hrl-gallery-hover-st qodef-tiny-space qodef-hrl-with-filter qodef-hrl-location-set  qodef-hrl-two-columns qodef-hrl-pag-standard\"  data-type=\"gallery\" data-gallery-hover=\"standard\" data-boxed-layout=\"yes\" data-number-of-columns=\"2\" data-space-between-items=\"tiny\" data-number-of-items=\"8\" data-image-proportions=\"full\" data-room-location=\"98\" data-order-by=\"date\" data-order=\"ASC\" data-title-tag=\"h3\" data-enable-excerpt=\"no\" data-excerpt-length=\"150\" data-enable-price-period=\"no\" data-price-period-text=\"Night\" data-pagination-type=\"standard\" data-enable-filter=\"yes\" data-enable-sort=\"yes\" data-sort-skin=\"light\" data-hotel-room-slider-on=\"no\" data-enable-loop=\"no\" data-enable-autoplay=\"yes\" data-slider-speed=\"5000\" data-slider-speed-animation=\"600\" data-enable-navigation=\"yes\" data-enable-pagination=\"yes\" data-max-num-pages=\"1\" data-next-page=\"2\">\n\t\t<div class=\"qodef-hrl-sort-part\">\n        <div class=\"qodef-hrl-sort-part-inner\">\n                            <div class=\"qodef-hrl-sort-item qodef-hrl-sort-active\" data-sort=\"\">\n                    <span>Default<\/span>\n                <\/div>\n                            <div class=\"qodef-hrl-sort-item\" data-sort=\"date\">\n                    <span>Date<\/span>\n                <\/div>\n                            <div class=\"qodef-hrl-sort-item\" data-sort=\"price-low\">\n                    <span>Price Low to High<\/span>\n                <\/div>\n                            <div class=\"qodef-hrl-sort-item\" data-sort=\"price-high\">\n                    <span>Price High to Low<\/span>\n                <\/div>\n                            <div class=\"qodef-hrl-sort-item\" data-sort=\"name\">\n                    <span>Name (A-Z)<\/span>\n                <\/div>\n                            <div class=\"qodef-hrl-sort-item\" data-sort=\"name-x\">\n                    <span>Name (Z-A)<\/span>\n                <\/div>\n                    <\/div>\n\t<\/div>\n\n            <div class=\"qodef-hrl-items-part-holder\">\n            <div class=\"qodef-grid-row qodef-grid-small-gutter\">\n                <div class=\"qodef-hrl-items-part qodef-grid-col-9\">\n                        <div class=\"qodef-hrl-inner qodef-outer-space  clearfix\">\n                            <article class=\"qodef-hrl-item qodef-item-space  post-586 hotel-room type-hotel-room status-publish has-post-thumbnail hentry amenity-tag-air-conditioner amenity-tag-safe-deposit-box amenity-tag-minibar amenity-tag-parking amenity-tag-hair-dryer amenity-tag-lcd-television location-tag-coobj\">\n        <div class=\"qodef-hrl-item-inner\">\n\t\t\t<div class=\"qodef-hrl-item-image\">\n\t<img loading=\"lazy\" decoding=\"async\" width=\"929\" height=\"605\" src=\"https:\/\/nobilaairporthotel.com\/wp-content\/uploads\/2018\/04\/single-2.png\" class=\"attachment-full size-full wp-post-image\" alt=\"\" srcset=\"https:\/\/nobilaairporthotel.com\/wp-content\/uploads\/2018\/04\/single-2.png 929w, https:\/\/nobilaairporthotel.com\/wp-content\/uploads\/2018\/04\/single-2-300x195.png 300w, https:\/\/nobilaairporthotel.com\/wp-content\/uploads\/2018\/04\/single-2-768x500.png 768w, https:\/\/nobilaairporthotel.com\/wp-content\/uploads\/2018\/04\/single-2-18x12.png 18w, https:\/\/nobilaairporthotel.com\/wp-content\/uploads\/2018\/04\/single-2-600x391.png 600w\" sizes=\"auto, (max-width: 929px) 100vw, 929px\" \/>    <a itemprop=\"url\" class=\"qodef-hrl-link qodef-block-drag-link\" href=\"https:\/\/nobilaairporthotel.com\/en\/hotel-room\/simple-room\/\"><\/a>\n\t<\/div><div class=\"qodef-hrl-item-content\">\n    <div class=\"qodef-hrl-item-content-holder\">\n        <div class=\"qodef-hrl-item-content-inner\">\n                <span class=\"qodef-hrl-price\">\n    <span class=\"qodef-hrl-price-currency\">&euro;<\/span><span>131<\/span>\n    <\/span>\n                        <h3 itemprop=\"name\" class=\"qodef-hrl-item-title entry-title\" >\n<a itemprop=\"url\" href=\"https:\/\/nobilaairporthotel.com\/en\/hotel-room\/simple-room\/\" target=\"_self\">\n\tStandard Luxe : Single<\/a>\n<\/h3>\t\t\t        <\/div>\n    <\/div>\n<\/div>        <\/div>\n    <\/article>\n    <article class=\"qodef-hrl-item qodef-item-space  post-751 hotel-room type-hotel-room status-publish has-post-thumbnail hentry amenity-tag-air-conditioner amenity-tag-safe-deposit-box amenity-tag-minibar amenity-tag-parking amenity-tag-hair-dryer amenity-tag-lcd-television location-tag-coobj\">\n        <div class=\"qodef-hrl-item-inner\">\n\t\t\t<div class=\"qodef-hrl-item-image\">\n\t<img loading=\"lazy\" decoding=\"async\" width=\"929\" height=\"605\" src=\"https:\/\/nobilaairporthotel.com\/wp-content\/uploads\/2023\/02\/suite-3.png\" class=\"attachment-full size-full wp-post-image\" alt=\"\" srcset=\"https:\/\/nobilaairporthotel.com\/wp-content\/uploads\/2023\/02\/suite-3.png 929w, https:\/\/nobilaairporthotel.com\/wp-content\/uploads\/2023\/02\/suite-3-300x195.png 300w, https:\/\/nobilaairporthotel.com\/wp-content\/uploads\/2023\/02\/suite-3-768x500.png 768w, https:\/\/nobilaairporthotel.com\/wp-content\/uploads\/2023\/02\/suite-3-18x12.png 18w, https:\/\/nobilaairporthotel.com\/wp-content\/uploads\/2023\/02\/suite-3-600x391.png 600w\" sizes=\"auto, (max-width: 929px) 100vw, 929px\" \/>    <a itemprop=\"url\" class=\"qodef-hrl-link qodef-block-drag-link\" href=\"https:\/\/nobilaairporthotel.com\/en\/hotel-room\/vip\/\"><\/a>\n\t<\/div><div class=\"qodef-hrl-item-content\">\n    <div class=\"qodef-hrl-item-content-holder\">\n        <div class=\"qodef-hrl-item-content-inner\">\n                <span class=\"qodef-hrl-price\">\n    <span class=\"qodef-hrl-price-currency\">&euro;<\/span><span>166<\/span>\n    <\/span>\n                        <h3 itemprop=\"name\" class=\"qodef-hrl-item-title entry-title\" >\n<a itemprop=\"url\" href=\"https:\/\/nobilaairporthotel.com\/en\/hotel-room\/vip\/\" target=\"_self\">\n\tSuper VIP<\/a>\n<\/h3>\t\t\t        <\/div>\n    <\/div>\n<\/div>        <\/div>\n    <\/article>\n    <article class=\"qodef-hrl-item qodef-item-space  post-585 hotel-room type-hotel-room status-publish has-post-thumbnail hentry amenity-tag-air-conditioner amenity-tag-safe-deposit-box amenity-tag-minibar amenity-tag-parking amenity-tag-hair-dryer amenity-tag-lcd-television location-tag-coobj\">\n        <div class=\"qodef-hrl-item-inner\">\n\t\t\t<div class=\"qodef-hrl-item-image\">\n\t<img loading=\"lazy\" decoding=\"async\" width=\"929\" height=\"605\" src=\"https:\/\/nobilaairporthotel.com\/wp-content\/uploads\/2023\/04\/Standard-doble.png\" class=\"attachment-full size-full wp-post-image\" alt=\"\" srcset=\"https:\/\/nobilaairporthotel.com\/wp-content\/uploads\/2023\/04\/Standard-doble.png 929w, https:\/\/nobilaairporthotel.com\/wp-content\/uploads\/2023\/04\/Standard-doble-300x195.png 300w, https:\/\/nobilaairporthotel.com\/wp-content\/uploads\/2023\/04\/Standard-doble-768x500.png 768w, https:\/\/nobilaairporthotel.com\/wp-content\/uploads\/2023\/04\/Standard-doble-18x12.png 18w, https:\/\/nobilaairporthotel.com\/wp-content\/uploads\/2023\/04\/Standard-doble-600x391.png 600w\" sizes=\"auto, (max-width: 929px) 100vw, 929px\" \/>    <a itemprop=\"url\" class=\"qodef-hrl-link qodef-block-drag-link\" href=\"https:\/\/nobilaairporthotel.com\/en\/hotel-room\/double-bedroom\/\"><\/a>\n\t<\/div><div class=\"qodef-hrl-item-content\">\n    <div class=\"qodef-hrl-item-content-holder\">\n        <div class=\"qodef-hrl-item-content-inner\">\n                <span class=\"qodef-hrl-price\">\n    <span class=\"qodef-hrl-price-currency\">&euro;<\/span><span>145<\/span>\n    <\/span>\n                        <h3 itemprop=\"name\" class=\"qodef-hrl-item-title entry-title\" >\n<a itemprop=\"url\" href=\"https:\/\/nobilaairporthotel.com\/en\/hotel-room\/double-bedroom\/\" target=\"_self\">\n\tStandard Luxe : Twin<\/a>\n<\/h3>\t\t\t        <\/div>\n    <\/div>\n<\/div>        <\/div>\n    <\/article>\n    <article class=\"qodef-hrl-item qodef-item-space  post-3786 hotel-room type-hotel-room status-publish has-post-thumbnail hentry amenity-tag-air-conditioner amenity-tag-safe-deposit-box amenity-tag-parking amenity-tag-hair-dryer amenity-tag-lcd-television location-tag-coobj\">\n        <div class=\"qodef-hrl-item-inner\">\n\t\t\t<div class=\"qodef-hrl-item-image\">\n\t<img loading=\"lazy\" decoding=\"async\" width=\"929\" height=\"605\" src=\"https:\/\/nobilaairporthotel.com\/wp-content\/uploads\/2023\/05\/suite-1ok.jpg\" class=\"attachment-full size-full wp-post-image\" alt=\"\" srcset=\"https:\/\/nobilaairporthotel.com\/wp-content\/uploads\/2023\/05\/suite-1ok.jpg 929w, https:\/\/nobilaairporthotel.com\/wp-content\/uploads\/2023\/05\/suite-1ok-300x195.jpg 300w, https:\/\/nobilaairporthotel.com\/wp-content\/uploads\/2023\/05\/suite-1ok-768x500.jpg 768w, https:\/\/nobilaairporthotel.com\/wp-content\/uploads\/2023\/05\/suite-1ok-18x12.jpg 18w, https:\/\/nobilaairporthotel.com\/wp-content\/uploads\/2023\/05\/suite-1ok-600x391.jpg 600w\" sizes=\"auto, (max-width: 929px) 100vw, 929px\" \/>    <a itemprop=\"url\" class=\"qodef-hrl-link qodef-block-drag-link\" href=\"https:\/\/nobilaairporthotel.com\/en\/hotel-room\/suite-luxe-2\/\"><\/a>\n\t<\/div><div class=\"qodef-hrl-item-content\">\n    <div class=\"qodef-hrl-item-content-holder\">\n        <div class=\"qodef-hrl-item-content-inner\">\n                <span class=\"qodef-hrl-price\">\n    <span class=\"qodef-hrl-price-currency\">&euro;<\/span><span>218<\/span>\n    <\/span>\n                        <h3 itemprop=\"name\" class=\"qodef-hrl-item-title entry-title\" >\n<a itemprop=\"url\" href=\"https:\/\/nobilaairporthotel.com\/en\/hotel-room\/suite-luxe-2\/\" target=\"_self\">\n\tSuite Junior<\/a>\n<\/h3>\t\t\t        <\/div>\n    <\/div>\n<\/div>        <\/div>\n    <\/article>\n                    <\/div>\n    \n                <div class=\"qodef-hrl-loading\">\n\t<div class=\"qodef-hrl-loading-bounce1\"><\/div>\n\t<div class=\"qodef-hrl-loading-bounce2\"><\/div>\n\t<div class=\"qodef-hrl-loading-bounce3\"><\/div>\n<\/div>\n                                <\/div>\n                    <div class=\"qodef-hrl-filter-part qodef-grid-col-3\">\n\n        <div class=\"qodef-filter-row\">\n            <h3>\n                Your Reservation            <\/h3>\n\n\t\t\t<div class=\"qodef-filter-section qodef-section-date\">\n    <div class=\"qodef-filter-date-holder\" data-date-min=\"\" data-date-max=\"\">\n        <div class=\"qodef-inputs-holder clearfix\">\n            <span class=\"qodef-input-min-size\">\n                <label>Check In<\/label>\n                <input type=\"text\" class=\"qodef-min-date\" name=\"qodef-min-date\" placeholder=\"Select\" value=\"\" data-min-date=\"\" \/>\n            <\/span>\n            <span class=\"qodef-input-max-size\">\n                <label>Check Out<\/label>\n                <input type=\"text\" class=\"qodef-max-date\" name=\"qodef-max-date\" placeholder=\"Select\" value=\"\" data-max-date=\"\" \/>\n            <\/span>\n        <\/div>\n    <\/div>\n<\/div>\n<div class=\"qodef-filter-section qodef-section-location\">\n    <div class=\"qodef-filter-location-holder\" data-location=\"98\">\n        <label for=\"qodef-filter-location\">Choose a location<\/label>\n        <select id=\"qodef-filter-location\" name=\"qodef-filter-location\" class=\"qodef-filter-location\">\n            <option value=\"\">All<\/option>\n\t\t\t                <option selected value=\"98\">Cotonou<\/option>\n\t\t\t        <\/select>\n    <\/div>\n<\/div>\n    <div class=\"qodef-filter-section qodef-filter-section-3 qodef-section-room-count\">\n        <div class=\"qodef-filter-room-count-holder\" data-room-count=\"\">\n            <label for=\"qodef-filter-room-count\">Rooms<\/label>\n            <select id=\"qodef-filter-room-count\" name=\"qodef-filter-room-count\" class=\"qodef-filter-room-count\">\n\t\t\t\t                    <option                             value=\"1\">1<\/option>\n\t\t\t\t                    <option                             value=\"2\">2<\/option>\n\t\t\t\t                    <option                             value=\"3\">3<\/option>\n\t\t\t\t                    <option                             value=\"4\">4<\/option>\n\t\t\t\t                    <option                             value=\"5\">5<\/option>\n\t\t\t\t                    <option                             value=\"6\">6<\/option>\n\t\t\t\t                    <option                             value=\"7\">7<\/option>\n\t\t\t\t                    <option                             value=\"8\">8<\/option>\n\t\t\t\t                    <option                             value=\"9\">9<\/option>\n\t\t\t\t                    <option                             value=\"10\">10<\/option>\n\t\t\t\t                    <option                             value=\"11\">11<\/option>\n\t\t\t\t                    <option                             value=\"12\">12<\/option>\n\t\t\t\t                    <option                             value=\"13\">13<\/option>\n\t\t\t\t                    <option                             value=\"14\">14<\/option>\n\t\t\t\t                    <option                             value=\"15\">15<\/option>\n\t\t\t\t                    <option                             value=\"16\">16<\/option>\n\t\t\t\t                    <option                             value=\"17\">17<\/option>\n\t\t\t\t                    <option                             value=\"18\">18<\/option>\n\t\t\t\t                    <option                             value=\"19\">19<\/option>\n\t\t\t\t                    <option                             value=\"20\">20<\/option>\n\t\t\t\t                    <option                             value=\"21\">21<\/option>\n\t\t\t\t                    <option                             value=\"22\">22<\/option>\n\t\t\t\t                    <option                             value=\"23\">23<\/option>\n\t\t\t\t            <\/select>\n        <\/div>\n    <\/div>\n    <div class=\"qodef-filter-section qodef-filter-section-12 qodef-section-adults\">\n        <div class=\"qodef-filter-adults-count-holder\" data-adults=\"\">\n            <label for=\"qodef-filter-adults\">adults<\/label>\n            <select id=\"qodef-filter-adults\" name=\"qodef-filter-adults\" class=\"qodef-filter-adults\">\n                <option value=\"0\">0<\/option>\n\t                                <option                             value=\"1\">1<\/option>\n\t                                <option                             value=\"2\">2<\/option>\n\t                                <option                             value=\"3\">3<\/option>\n\t                        <\/select>\n        <\/div>\n    <\/div>\n    <div class=\"qodef-filter-section qodef-filter-section-12 qodef-section-children\">\n        <div class=\"qodef-filter-children-count-holder\" data-children=\"\">\n            <label for=\"qodef-filter-children\">Children<\/label>\n            <select id=\"qodef-filter-children\" name=\"qodef-filter-children\" class=\"qodef-filter-children\">\n                <option value=\"0\">0<\/option>\n\t                                <option                             value=\"1\">1<\/option>\n\t                                <option                             value=\"2\">2<\/option>\n\t                                <option                             value=\"3\">3<\/option>\n\t                        <\/select>\n        <\/div>\n    <\/div>\n<div class=\"qodef-filter-section qodef-section-price\">\n    <div class=\"qodef-filter-price-holder\" data-currency=\"&euro;\" data-max-price-setting=\"218\">\n        <div class=\"qodef-range-slider-response-holder\">\n            <label>Price filter<\/label>\n        <\/div>\n        <div class=\"qodef-range-slider-wrapper\">\n            <div class=\"qodef-range-slider\"><\/div>\n        <\/div>\n        <div class=\"qodef-range-slider-price-holder\">\n            <span id=\"qodef-min-price-value\" data-min-price=\"0\">&euro;0<\/span>\n            <span id=\"qodef-max-price-mark\"> - <\/span>\n            <span id=\"qodef-max-price-value\" data-max-price=\"218\">&euro;218<\/span>\n        <\/div>\n    <\/div>\n<\/div><div class=\"qodef-filter-section qodef-section-amenities\">\n    <div class=\"qodef-filter-amenities-holder\">\n        <div class=\"qodef-filter-amenities-wrapper clearfix\">\n\t\t\t                <div class=\"qodef-amenity-item\">\n                    <input type=\"checkbox\"                            data-id=\"34\" id=\"qodef-amenity-34\"\n                           name=\"qodef-amenities[]\" value=\"\"\/>\n                    <label class=\"qodef-checkbox-label\" for=\"qodef-amenity-34\">\n                        <span class=\"qodef-label-view\"><\/span>\n                        <span class=\"qodef-label-text\">\n                            Climatisation                        <\/span>\n                    <\/label>\n                <\/div>\n\t\t\t                <div class=\"qodef-amenity-item\">\n                    <input type=\"checkbox\"                            data-id=\"73\" id=\"qodef-amenity-73\"\n                           name=\"qodef-amenities[]\" value=\"\"\/>\n                    <label class=\"qodef-checkbox-label\" for=\"qodef-amenity-73\">\n                        <span class=\"qodef-label-view\"><\/span>\n                        <span class=\"qodef-label-text\">\n                            Coffre-fort                        <\/span>\n                    <\/label>\n                <\/div>\n\t\t\t                <div class=\"qodef-amenity-item\">\n                    <input type=\"checkbox\"                            data-id=\"59\" id=\"qodef-amenity-59\"\n                           name=\"qodef-amenities[]\" value=\"\"\/>\n                    <label class=\"qodef-checkbox-label\" for=\"qodef-amenity-59\">\n                        <span class=\"qodef-label-view\"><\/span>\n                        <span class=\"qodef-label-text\">\n                            Mini-bar                        <\/span>\n                    <\/label>\n                <\/div>\n\t\t\t                <div class=\"qodef-amenity-item\">\n                    <input type=\"checkbox\"                            data-id=\"62\" id=\"qodef-amenity-62\"\n                           name=\"qodef-amenities[]\" value=\"\"\/>\n                    <label class=\"qodef-checkbox-label\" for=\"qodef-amenity-62\">\n                        <span class=\"qodef-label-view\"><\/span>\n                        <span class=\"qodef-label-text\">\n                            Parking                        <\/span>\n                    <\/label>\n                <\/div>\n\t\t\t                <div class=\"qodef-amenity-item\">\n                    <input type=\"checkbox\"                            data-id=\"49\" id=\"qodef-amenity-49\"\n                           name=\"qodef-amenities[]\" value=\"\"\/>\n                    <label class=\"qodef-checkbox-label\" for=\"qodef-amenity-49\">\n                        <span class=\"qodef-label-view\"><\/span>\n                        <span class=\"qodef-label-text\">\n                            S\u00e8che-cheveux                        <\/span>\n                    <\/label>\n                <\/div>\n\t\t\t                <div class=\"qodef-amenity-item\">\n                    <input type=\"checkbox\"                            data-id=\"52\" id=\"qodef-amenity-52\"\n                           name=\"qodef-amenities[]\" value=\"\"\/>\n                    <label class=\"qodef-checkbox-label\" for=\"qodef-amenity-52\">\n                        <span class=\"qodef-label-view\"><\/span>\n                        <span class=\"qodef-label-text\">\n                            Television                        <\/span>\n                    <\/label>\n                <\/div>\n\t\t\t                <div class=\"qodef-amenity-item\">\n                    <input type=\"checkbox\"                            data-id=\"164\" id=\"qodef-amenity-164\"\n                           name=\"qodef-amenities[]\" value=\"\"\/>\n                    <label class=\"qodef-checkbox-label\" for=\"qodef-amenity-164\">\n                        <span class=\"qodef-label-view\"><\/span>\n                        <span class=\"qodef-label-text\">\n                            Wifi                        <\/span>\n                    <\/label>\n                <\/div>\n\t\t\t        <\/div>\n    <\/div>\n<\/div><button type=\"submit\"  class=\"qodef-btn qodef-btn-medium qodef-btn-solid qodef-hr-filter-button\"  >    <span class=\"qodef-btn-text-wrapper\">        <span class=\"qodef-btn-text\">Filter Results<\/span>            <\/span>    <span class=\"qodef-btn-bgrnd-wrapper\">        <span class=\"qodef-btn-bgrnd-idle\" ><\/span>        <span class=\"qodef-btn-bgrnd-hover\" ><\/span>    <\/span><\/button>        <\/div>\n    <\/div>\n            <\/div>\n        <\/div>\n    <\/div><\/div><\/div><\/div><\/div>\n<\/section>","protected":false},"excerpt":{"rendered":"D\u00e9couvrez le luxe ultime dans notre Suite Luxe. Une exp\u00e9rience unique et raffin\u00e9e au c\u0153ur de Cotonou. Que vous soyez en voyage d\u2019affaires ou simplement en qu\u00eate de d\u00e9tente, cette suite spacieuse de 70 m\u00b2 saura combler toutes vos attentes. La Suite Luxe pr\u00e9sente un [...]","protected":false},"author":1,"featured_media":0,"parent":0,"menu_order":0,"comment_status":"closed","ping_status":"closed","template":"","meta":{"footnotes":""},"class_list":["post-517","page","type-page","status-publish","hentry"],"_links":{"self":[{"href":"https:\/\/nobilaairporthotel.com\/en\/wp-json\/wp\/v2\/pages\/517","targetHints":{"allow":["GET"]}}],"collection":[{"href":"https:\/\/nobilaairporthotel.com\/en\/wp-json\/wp\/v2\/pages"}],"about":[{"href":"https:\/\/nobilaairporthotel.com\/en\/wp-json\/wp\/v2\/types\/page"}],"author":[{"embeddable":true,"href":"https:\/\/nobilaairporthotel.com\/en\/wp-json\/wp\/v2\/users\/1"}],"replies":[{"embeddable":true,"href":"https:\/\/nobilaairporthotel.com\/en\/wp-json\/wp\/v2\/comments?post=517"}],"version-history":[{"count":2,"href":"https:\/\/nobilaairporthotel.com\/en\/wp-json\/wp\/v2\/pages\/517\/revisions"}],"predecessor-version":[{"id":3633,"href":"https:\/\/nobilaairporthotel.com\/en\/wp-json\/wp\/v2\/pages\/517\/revisions\/3633"}],"wp:attachment":[{"href":"https:\/\/nobilaairporthotel.com\/en\/wp-json\/wp\/v2\/media?parent=517"}],"curies":[{"name":"wp","href":"https:\/\/api.w.org\/{rel}","templated":true}]}}